{"id":1539,"date":"2023-11-23T15:48:23","date_gmt":"2023-11-23T14:48:23","guid":{"rendered":"https:\/\/www.insana.fr\/?post_type=product&#038;p=1539"},"modified":"2024-01-10T07:25:46","modified_gmt":"2024-01-10T06:25:46","slug":"formule_vitalite","status":"publish","type":"product","link":"https:\/\/www.insana.fr\/index.php\/produit\/formule_vitalite\/","title":{"rendered":"Formule Vitalit\u00e9"},"content":{"rendered":"<p><strong>Massage relaxant :<\/strong><\/p>\n<p>Massage du Corps, d\u2019une dur\u00e9e variable selon vos envies. Si vous recherchez le calme, une atmosph\u00e8re enveloppante, ce massage est fait pour vous\u00a0: il r\u00e9gulera vos tensions mentales et physiques, favorisera votre sommeil.<\/p>\n<p>Le massage de Relaxation, appel\u00e9 \u00e9galement Californien, se caract\u00e9rise par des man\u0153uvres fluides et enveloppantes. Dans un 1<sup>er<\/sup> temps allong\u00e9 sur le ventre, vous serez amen\u00e9 \u00e0 prendre conscience de votre respiration, de l\u2019\u00e9tat de votre sch\u00e9ma corporel. D\u00e9buterons alors les mouvements apaisants de ce massage, du dos et des bras jusqu\u2019aux membres inf\u00e9rieurs. Puis, sur le dos, des jambes \u00e0 la partie ant\u00e9rieure du tronc et des bras pour terminer par la t\u00eate.<\/p>\n<p>Recommand\u00e9 pour les personnes souffrant de troubles du sommeil, d\u2019anxi\u00e9t\u00e9\/stress au quotidien.<\/p>\n<p><strong>Massage chinois Chrong Mai :<\/strong><\/p>\n<p>Signifiant \u00ab\u00a0Canal d\u2019assaut\u00a0\u00bb, le Chrong Mai est issu de la M\u00e9decine Traditionnelle Chinoise et consid\u00e9r\u00e9 plut\u00f4t comme un soin \u00e9nerg\u00e9tique. Il sera votre allier dans la recherche de vitalit\u00e9, la prise de conscience de soi.<\/p>\n<p>Vous vous sentez fatigu\u00e9, en vide d\u2019\u00e9nergie ou un besoin de vous retrouver\u2026 ce soin est fait pour vous\u00a0! Il est constitu\u00e9 de diff\u00e9rentes techniques\u00a0: stimulation des points d\u2019acupuncture par digitopression et moxibustion, frictions sur certaines parties du corps. Vous recevrez ce massage allong\u00e9 sur le dos pour terminer en position lat\u00e9rale.<\/p>\n<p>Recommand\u00e9 aux personnes souhaitant Renforcer leur vitalit\u00e9, lib\u00e9rer leurs \u00e9motions et am\u00e9liorer l\u2019estime de soi.<\/p>\n<p><strong>Massage intuitif :<\/strong><\/p>\n<p>Approche du massage qui met l\u2019accent sur l\u2019utilisation de l\u2019intuition du praticien afin de r\u00e9pondre \u00e0 vos besoins sp\u00e9cifiques\u00a0: zones corporelles, dur\u00e9e, attentes\u2026 pour en faire un moment unique.<\/p>\n<p>Le praticien, par le bilan initial effectu\u00e9 en d\u00e9but de s\u00e9ance, ajustera la pression, les zones souhait\u00e9es. Il sera attentif aux tensions musculaires, aux probl\u00e9matiques du corps, \u00e0 votre ressenti gr\u00e2ce \u00e0 l\u2019\u00e9coute active des signaux de votre corps. Une connexion holistique unique entre vous et le praticien sera cr\u00e9\u00e9e, l\u2019\u00e9nergie circulera, favorisant l\u2019\u00e9quilibre et l\u2019harmonie du Corps et de l\u2019Esprit.<\/p>\n<p>Recommand\u00e9 pour un massage personnalis\u00e9 (sportif par exemple) ou pour soulager\/travail sp\u00e9cifique de zones corporelles.<\/p>\n","protected":false},"excerpt":{"rendered":"<p>60 minutes de massage, avec au choix : massage relaxant ou massage chinois Chrong Mai ou massage intuitif.<\/p>\n","protected":false},"featured_media":1198,"template":"","meta":{"ocean_post_layout":"","ocean_both_sidebars_style":"","ocean_both_sidebars_content_width":0,"ocean_both_sidebars_sidebars_width":0,"ocean_sidebar":"0","ocean_second_sidebar":"0","ocean_disable_margins":"enable","ocean_add_body_class":"","ocean_shortcode_before_top_bar":"","ocean_shortcode_after_top_bar":"","ocean_shortcode_before_header":"","ocean_shortcode_after_header":"","ocean_has_shortcode":"","ocean_shortcode_after_title":"","ocean_shortcode_before_footer_widgets":"","ocean_shortcode_after_footer_widgets":"","ocean_shortcode_before_footer_bottom":"","ocean_shortcode_after_footer_bottom":"","ocean_display_top_bar":"default","ocean_display_header":"default","ocean_header_style":"","ocean_center_header_left_menu":"0","ocean_custom_header_template":"0","ocean_custom_logo":0,"ocean_custom_retina_logo":0,"ocean_custom_logo_max_width":0,"ocean_custom_logo_tablet_max_width":0,"ocean_custom_logo_mobile_max_width":0,"ocean_custom_logo_max_height":0,"ocean_custom_logo_tablet_max_height":0,"ocean_custom_logo_mobile_max_height":0,"ocean_header_custom_menu":"0","ocean_menu_typo_font_family":"0","ocean_menu_typo_font_subset":"","ocean_menu_typo_font_size":0,"ocean_menu_typo_font_size_tablet":0,"ocean_menu_typo_font_size_mobile":0,"ocean_menu_typo_font_size_unit":"px","ocean_menu_typo_font_weight":"","ocean_menu_typo_font_weight_tablet":"","ocean_menu_typo_font_weight_mobile":"","ocean_menu_typo_transform":"","ocean_menu_typo_transform_tablet":"","ocean_menu_typo_transform_mobile":"","ocean_menu_typo_line_height":0,"ocean_menu_typo_line_height_tablet":0,"ocean_menu_typo_line_height_mobile":0,"ocean_menu_typo_line_height_unit":"","ocean_menu_typo_spacing":0,"ocean_menu_typo_spacing_tablet":0,"ocean_menu_typo_spacing_mobile":0,"ocean_menu_typo_spacing_unit":"","ocean_menu_link_color":"","ocean_menu_link_color_hover":"","ocean_menu_link_color_active":"","ocean_menu_link_background":"","ocean_menu_link_hover_background":"","ocean_menu_link_active_background":"","ocean_menu_social_links_bg":"","ocean_menu_social_hover_links_bg":"","ocean_menu_social_links_color":"","ocean_menu_social_hover_links_color":"","ocean_disable_title":"default","ocean_disable_heading":"default","ocean_post_title":"","ocean_post_subheading":"","ocean_post_title_style":"","ocean_post_title_background_color":"","ocean_post_title_background":0,"ocean_post_title_bg_image_position":"","ocean_post_title_bg_image_attachment":"","ocean_post_title_bg_image_repeat":"","ocean_post_title_bg_image_size":"","ocean_post_title_height":0,"ocean_post_title_bg_overlay":0.5,"ocean_post_title_bg_overlay_color":"","ocean_disable_breadcrumbs":"default","ocean_breadcrumbs_color":"","ocean_breadcrumbs_separator_color":"","ocean_breadcrumbs_links_color":"","ocean_breadcrumbs_links_hover_color":"","ocean_display_footer_widgets":"default","ocean_display_footer_bottom":"default","ocean_custom_footer_template":"0"},"product_brand":[],"product_cat":[28],"product_tag":[],"class_list":{"0":"post-1539","1":"product","2":"type-product","3":"status-publish","4":"has-post-thumbnail","6":"product_cat-massage-insana","8":"entry","9":"has-media","11":"first","12":"instock","13":"virtual","14":"sold-individually","15":"purchasable","16":"product-type-booking","17":"has-product-nav","18":"col","19":"span_1_of_3","20":"owp-content-center","21":"owp-thumbs-layout-horizontal","22":"owp-btn-normal","23":"owp-tabs-layout-horizontal","24":"has-no-thumbnails"},"yoast_head":"<!-- This site is optimized with the Yoast SEO plugin v26.3 - https:\/\/yoast.com\/wordpress\/plugins\/seo\/ -->\n<title>Formule Vitalit\u00e9 - In Sana<\/title>\n<meta name=\"robots\" content=\"index, follow, max-snippet:-1, max-image-preview:large, max-video-preview:-1\" \/>\n<link rel=\"canonical\" href=\"https:\/\/www.insana.fr\/index.php\/produit\/formule_vitalite\/\" \/>\n<meta property=\"og:locale\" content=\"fr_FR\" \/>\n<meta property=\"og:type\" content=\"article\" \/>\n<meta property=\"og:title\" content=\"Formule Vitalit\u00e9 - In Sana\" \/>\n<meta property=\"og:description\" content=\"60 minutes de massage, avec au choix : massage relaxant ou massage chinois Chrong Mai ou massage intuitif.\" \/>\n<meta property=\"og:url\" content=\"https:\/\/www.insana.fr\/index.php\/produit\/formule_vitalite\/\" \/>\n<meta property=\"og:site_name\" content=\"In Sana\" \/>\n<meta property=\"article:modified_time\" content=\"2024-01-10T06:25:46+00:00\" \/>\n<meta property=\"og:image\" content=\"https:\/\/www.insana.fr\/wp-content\/uploads\/2023\/11\/DSC_0138-scaled.jpg\" \/>\n\t<meta property=\"og:image:width\" content=\"2560\" \/>\n\t<meta property=\"og:image:height\" content=\"1707\" \/>\n\t<meta property=\"og:image:type\" content=\"image\/jpeg\" \/>\n<meta name=\"twitter:card\" content=\"summary_large_image\" \/>\n<meta name=\"twitter:label1\" content=\"Dur\u00e9e de lecture estim\u00e9e\" \/>\n\t<meta name=\"twitter:data1\" content=\"2 minutes\" \/>\n<script type=\"application\/ld+json\" class=\"yoast-schema-graph\">{\"@context\":\"https:\/\/schema.org\",\"@graph\":[{\"@type\":\"WebPage\",\"@id\":\"https:\/\/www.insana.fr\/index.php\/produit\/formule_vitalite\/\",\"url\":\"https:\/\/www.insana.fr\/index.php\/produit\/formule_vitalite\/\",\"name\":\"Formule Vitalit\u00e9 - In Sana\",\"isPartOf\":{\"@id\":\"https:\/\/www.insana.fr\/#website\"},\"primaryImageOfPage\":{\"@id\":\"https:\/\/www.insana.fr\/index.php\/produit\/formule_vitalite\/#primaryimage\"},\"image\":{\"@id\":\"https:\/\/www.insana.fr\/index.php\/produit\/formule_vitalite\/#primaryimage\"},\"thumbnailUrl\":\"https:\/\/www.insana.fr\/wp-content\/uploads\/2023\/11\/DSC_0138-scaled.jpg\",\"datePublished\":\"2023-11-23T14:48:23+00:00\",\"dateModified\":\"2024-01-10T06:25:46+00:00\",\"breadcrumb\":{\"@id\":\"https:\/\/www.insana.fr\/index.php\/produit\/formule_vitalite\/#breadcrumb\"},\"inLanguage\":\"fr-FR\",\"potentialAction\":[{\"@type\":\"ReadAction\",\"target\":[\"https:\/\/www.insana.fr\/index.php\/produit\/formule_vitalite\/\"]}]},{\"@type\":\"ImageObject\",\"inLanguage\":\"fr-FR\",\"@id\":\"https:\/\/www.insana.fr\/index.php\/produit\/formule_vitalite\/#primaryimage\",\"url\":\"https:\/\/www.insana.fr\/wp-content\/uploads\/2023\/11\/DSC_0138-scaled.jpg\",\"contentUrl\":\"https:\/\/www.insana.fr\/wp-content\/uploads\/2023\/11\/DSC_0138-scaled.jpg\",\"width\":2560,\"height\":1707,\"caption\":\"InSana - Massages Bien-\u00eatre - Onnaing pr\u00e8s de Valenciennes - 59\"},{\"@type\":\"BreadcrumbList\",\"@id\":\"https:\/\/www.insana.fr\/index.php\/produit\/formule_vitalite\/#breadcrumb\",\"itemListElement\":[{\"@type\":\"ListItem\",\"position\":1,\"name\":\"Accueil\",\"item\":\"https:\/\/www.insana.fr\/\"},{\"@type\":\"ListItem\",\"position\":2,\"name\":\"Produits\",\"item\":\"https:\/\/www.insana.fr\/index.php\/boutique\/\"},{\"@type\":\"ListItem\",\"position\":3,\"name\":\"Formule Vitalit\u00e9\"}]},{\"@type\":\"WebSite\",\"@id\":\"https:\/\/www.insana.fr\/#website\",\"url\":\"https:\/\/www.insana.fr\/\",\"name\":\"In Sana\",\"description\":\"Massage bien-\u00eatre\",\"publisher\":{\"@id\":\"https:\/\/www.insana.fr\/#organization\"},\"potentialAction\":[{\"@type\":\"SearchAction\",\"target\":{\"@type\":\"EntryPoint\",\"urlTemplate\":\"https:\/\/www.insana.fr\/?s={search_term_string}\"},\"query-input\":{\"@type\":\"PropertyValueSpecification\",\"valueRequired\":true,\"valueName\":\"search_term_string\"}}],\"inLanguage\":\"fr-FR\"},{\"@type\":\"Organization\",\"@id\":\"https:\/\/www.insana.fr\/#organization\",\"name\":\"In Sana\",\"url\":\"https:\/\/www.insana.fr\/\",\"logo\":{\"@type\":\"ImageObject\",\"inLanguage\":\"fr-FR\",\"@id\":\"https:\/\/www.insana.fr\/#\/schema\/logo\/image\/\",\"url\":\"https:\/\/www.insana.fr\/wp-content\/uploads\/2023\/11\/IN-SANA.png\",\"contentUrl\":\"https:\/\/www.insana.fr\/wp-content\/uploads\/2023\/11\/IN-SANA.png\",\"width\":774,\"height\":711,\"caption\":\"In Sana\"},\"image\":{\"@id\":\"https:\/\/www.insana.fr\/#\/schema\/logo\/image\/\"}}]}<\/script>\n<!-- \/ Yoast SEO plugin. -->","yoast_head_json":{"title":"Formule Vitalit\u00e9 - In Sana","robots":{"index":"index","follow":"follow","max-snippet":"max-snippet:-1","max-image-preview":"max-image-preview:large","max-video-preview":"max-video-preview:-1"},"canonical":"https:\/\/www.insana.fr\/index.php\/produit\/formule_vitalite\/","og_locale":"fr_FR","og_type":"article","og_title":"Formule Vitalit\u00e9 - In Sana","og_description":"60 minutes de massage, avec au choix : massage relaxant ou massage chinois Chrong Mai ou massage intuitif.","og_url":"https:\/\/www.insana.fr\/index.php\/produit\/formule_vitalite\/","og_site_name":"In Sana","article_modified_time":"2024-01-10T06:25:46+00:00","og_image":[{"width":2560,"height":1707,"url":"https:\/\/www.insana.fr\/wp-content\/uploads\/2023\/11\/DSC_0138-scaled.jpg","type":"image\/jpeg"}],"twitter_card":"summary_large_image","twitter_misc":{"Dur\u00e9e de lecture estim\u00e9e":"2 minutes"},"schema":{"@context":"https:\/\/schema.org","@graph":[{"@type":"WebPage","@id":"https:\/\/www.insana.fr\/index.php\/produit\/formule_vitalite\/","url":"https:\/\/www.insana.fr\/index.php\/produit\/formule_vitalite\/","name":"Formule Vitalit\u00e9 - In Sana","isPartOf":{"@id":"https:\/\/www.insana.fr\/#website"},"primaryImageOfPage":{"@id":"https:\/\/www.insana.fr\/index.php\/produit\/formule_vitalite\/#primaryimage"},"image":{"@id":"https:\/\/www.insana.fr\/index.php\/produit\/formule_vitalite\/#primaryimage"},"thumbnailUrl":"https:\/\/www.insana.fr\/wp-content\/uploads\/2023\/11\/DSC_0138-scaled.jpg","datePublished":"2023-11-23T14:48:23+00:00","dateModified":"2024-01-10T06:25:46+00:00","breadcrumb":{"@id":"https:\/\/www.insana.fr\/index.php\/produit\/formule_vitalite\/#breadcrumb"},"inLanguage":"fr-FR","potentialAction":[{"@type":"ReadAction","target":["https:\/\/www.insana.fr\/index.php\/produit\/formule_vitalite\/"]}]},{"@type":"ImageObject","inLanguage":"fr-FR","@id":"https:\/\/www.insana.fr\/index.php\/produit\/formule_vitalite\/#primaryimage","url":"https:\/\/www.insana.fr\/wp-content\/uploads\/2023\/11\/DSC_0138-scaled.jpg","contentUrl":"https:\/\/www.insana.fr\/wp-content\/uploads\/2023\/11\/DSC_0138-scaled.jpg","width":2560,"height":1707,"caption":"InSana - Massages Bien-\u00eatre - Onnaing pr\u00e8s de Valenciennes - 59"},{"@type":"BreadcrumbList","@id":"https:\/\/www.insana.fr\/index.php\/produit\/formule_vitalite\/#breadcrumb","itemListElement":[{"@type":"ListItem","position":1,"name":"Accueil","item":"https:\/\/www.insana.fr\/"},{"@type":"ListItem","position":2,"name":"Produits","item":"https:\/\/www.insana.fr\/index.php\/boutique\/"},{"@type":"ListItem","position":3,"name":"Formule Vitalit\u00e9"}]},{"@type":"WebSite","@id":"https:\/\/www.insana.fr\/#website","url":"https:\/\/www.insana.fr\/","name":"In Sana","description":"Massage bien-\u00eatre","publisher":{"@id":"https:\/\/www.insana.fr\/#organization"},"potentialAction":[{"@type":"SearchAction","target":{"@type":"EntryPoint","urlTemplate":"https:\/\/www.insana.fr\/?s={search_term_string}"},"query-input":{"@type":"PropertyValueSpecification","valueRequired":true,"valueName":"search_term_string"}}],"inLanguage":"fr-FR"},{"@type":"Organization","@id":"https:\/\/www.insana.fr\/#organization","name":"In Sana","url":"https:\/\/www.insana.fr\/","logo":{"@type":"ImageObject","inLanguage":"fr-FR","@id":"https:\/\/www.insana.fr\/#\/schema\/logo\/image\/","url":"https:\/\/www.insana.fr\/wp-content\/uploads\/2023\/11\/IN-SANA.png","contentUrl":"https:\/\/www.insana.fr\/wp-content\/uploads\/2023\/11\/IN-SANA.png","width":774,"height":711,"caption":"In Sana"},"image":{"@id":"https:\/\/www.insana.fr\/#\/schema\/logo\/image\/"}}]}},"_links":{"self":[{"href":"https:\/\/www.insana.fr\/index.php\/wp-json\/wp\/v2\/product\/1539","targetHints":{"allow":["GET"]}}],"collection":[{"href":"https:\/\/www.insana.fr\/index.php\/wp-json\/wp\/v2\/product"}],"about":[{"href":"https:\/\/www.insana.fr\/index.php\/wp-json\/wp\/v2\/types\/product"}],"wp:featuredmedia":[{"embeddable":true,"href":"https:\/\/www.insana.fr\/index.php\/wp-json\/wp\/v2\/media\/1198"}],"wp:attachment":[{"href":"https:\/\/www.insana.fr\/index.php\/wp-json\/wp\/v2\/media?parent=1539"}],"wp:term":[{"taxonomy":"product_brand","embeddable":true,"href":"https:\/\/www.insana.fr\/index.php\/wp-json\/wp\/v2\/product_brand?post=1539"},{"taxonomy":"product_cat","embeddable":true,"href":"https:\/\/www.insana.fr\/index.php\/wp-json\/wp\/v2\/product_cat?post=1539"},{"taxonomy":"product_tag","embeddable":true,"href":"https:\/\/www.insana.fr\/index.php\/wp-json\/wp\/v2\/product_tag?post=1539"}],"curies":[{"name":"wp","href":"https:\/\/api.w.org\/{rel}","templated":true}]}}